{"id":4117,"date":"2017-01-10T16:11:24","date_gmt":"2017-01-10T15:11:24","guid":{"rendered":"https:\/\/luzbotanica.com\/contact\/"},"modified":"2022-10-25T09:51:51","modified_gmt":"2022-10-25T07:51:51","slug":"contact","status":"publish","type":"page","link":"https:\/\/luzbotanica.com\/en\/contact\/","title":{"rendered":"Contact"},"content":{"rendered":"[vc_row disable_element=&#8221;yes&#8221; css=&#8221;.vc_custom_1666178289429{padding-top: 60px !important;padding-bottom: 40px !important;}&#8221;][vc_column width=&#8221;1\/3&#8243;]<div class=\"vcex-heading vcex-module wpex-text-2xl wpex-font-normal wpex-m-auto wpex-max-w-100 vcex-heading-plain wpex-block\" style=\"color:var(--wpex-accent);\"><span class=\"vcex-heading-inner wpex-inline-block wpex-clr\">Call us at<\/span><\/div>[vc_column_text]Street art salvia irony wolf waistcoat actually hello@yourwebsite.com[\/vc_column_text][\/vc_column][vc_column width=&#8221;1\/3&#8243;]<div class=\"vcex-heading vcex-module wpex-text-2xl wpex-font-normal wpex-m-auto wpex-max-w-100 vcex-heading-plain wpex-block\" style=\"color:var(--wpex-accent);\"><span class=\"vcex-heading-inner wpex-inline-block wpex-clr\">Call us at<\/span><\/div>[vc_column_text]Street art salvia irony wolf waistcoat actually hello@yourwebsite.com[\/vc_column_text][\/vc_column][vc_column width=&#8221;1\/3&#8243;]<div class=\"vcex-heading vcex-module wpex-text-2xl wpex-font-normal wpex-m-auto wpex-max-w-100 vcex-heading-plain wpex-block\" style=\"color:var(--wpex-accent);\"><span class=\"vcex-heading-inner wpex-inline-block wpex-clr\">Call us at<\/span><\/div>[vc_column_text]Street art salvia irony wolf waistcoat actually hello@yourwebsite.com[\/vc_column_text][\/vc_column][\/vc_row][vc_row][vc_column][vc_column_text]<div id=\"quform-f54727\" class=\"quform quform-2 quform-support-page-caching\"><form id=\"quform-form-f54727\" class=\"quform-form quform-form-2\" action=\"\/en\/wp-json\/wp\/v2\/pages\/4117#quform-f54727\" method=\"post\" enctype=\"multipart\/form-data\" novalidate=\"novalidate\" data-options=\"{&quot;id&quot;:2,&quot;uniqueId&quot;:&quot;f54727&quot;,&quot;theme&quot;:&quot;&quot;,&quot;ajax&quot;:true,&quot;logic&quot;:{&quot;logic&quot;:[],&quot;dependents&quot;:[],&quot;elementIds&quot;:[],&quot;dependentElementIds&quot;:[],&quot;animate&quot;:true},&quot;currentPageId&quot;:1,&quot;errorsIcon&quot;:&quot;&quot;,&quot;updateFancybox&quot;:true,&quot;hasPages&quot;:false,&quot;pages&quot;:[1],&quot;pageProgressType&quot;:&quot;numbers&quot;,&quot;tooltipsEnabled&quot;:true,&quot;tooltipClasses&quot;:&quot;qtip-quform-dark qtip-shadow&quot;,&quot;tooltipMy&quot;:&quot;left center&quot;,&quot;tooltipAt&quot;:&quot;right center&quot;,&quot;isRtl&quot;:false,&quot;scrollOffset&quot;:-50,&quot;scrollSpeed&quot;:800}\"><button class=\"quform-default-submit\" name=\"quform_submit\" type=\"submit\" value=\"submit\" aria-hidden=\"true\" tabindex=\"-1\"><\/button><div class=\"quform-form-inner quform-form-inner-2\"><input type=\"hidden\" name=\"quform_form_id\" value=\"2\" \/><input type=\"hidden\" name=\"quform_form_uid\" value=\"f54727\" \/><input type=\"hidden\" name=\"quform_count\" value=\"1\" \/><input type=\"hidden\" name=\"form_url\" value=\"https:\/\/luzbotanica.com\/en\/wp-json\/wp\/v2\/pages\/4117\" \/><input type=\"hidden\" name=\"referring_url\" value=\"\" \/><input type=\"hidden\" name=\"post_id\" value=\"\" \/><input type=\"hidden\" name=\"post_title\" value=\"\" \/><input type=\"hidden\" name=\"quform_current_page_id\" value=\"1\" \/><input type=\"hidden\" name=\"quform_csrf_token\" value=\"RPdBJ0jegwQqP2XcTy02hJmVD5aTrDl304z3SOmk\" \/><div class=\"quform-elements quform-elements-2 quform-cf quform-responsive-elements-phone-landscape\"><div class=\"quform-element quform-element-page quform-page-1 quform-page-2_1 quform-cf quform-group-style-plain quform-first-page quform-last-page quform-current-page\"><div class=\"quform-child-elements\"><div class=\"quform-element quform-element-row quform-element-row-2_5 quform-2-columns quform-element-row-size-fixed quform-responsive-columns-phone-landscape\"><div class=\"quform-element quform-element-column quform-element-2_6\"><div class=\"quform-element quform-element-text quform-element-2_4 quform-cf quform-labels-inside quform-element-required\"><div class=\"quform-spacer\"><div class=\"quform-label quform-label-2_4\"><label class=\"quform-label-text\" for=\"quform_2_4_f54727\">Name<span class=\"quform-required\">*<\/span><\/label><\/div><div class=\"quform-inner quform-inner-text quform-inner-2_4\"><div class=\"quform-input quform-input-text quform-input-2_4 quform-cf\"><input type=\"text\" id=\"quform_2_4_f54727\" name=\"quform_2_4\" class=\"quform-field quform-field-text quform-field-2_4\" \/><\/div><\/div><\/div><\/div><\/div><div class=\"quform-element quform-element-column quform-element-2_7\"><div class=\"quform-element quform-element-text quform-element-2_28 quform-cf quform-labels-inside quform-element-optional\"><div class=\"quform-spacer\"><div class=\"quform-label quform-label-2_28\"><label class=\"quform-label-text\" for=\"quform_2_28_f54727\">Company<\/label><\/div><div class=\"quform-inner quform-inner-text quform-inner-2_28\"><div class=\"quform-input quform-input-text quform-input-2_28 quform-cf\"><input type=\"text\" id=\"quform_2_28_f54727\" name=\"quform_2_28\" class=\"quform-field quform-field-text quform-field-2_28\" \/><\/div><\/div><\/div><\/div><\/div><\/div><div class=\"quform-element quform-element-row quform-element-row-2_24 quform-2-columns quform-element-row-size-fixed quform-responsive-columns-phone-landscape\"><div class=\"quform-element quform-element-column quform-element-2_25\"><div class=\"quform-element quform-element-text quform-element-2_27 quform-cf quform-labels-inside quform-element-optional\"><div class=\"quform-spacer\"><div class=\"quform-label quform-label-2_27\"><label class=\"quform-label-text\" for=\"quform_2_27_f54727\">Phone<\/label><\/div><div class=\"quform-inner quform-inner-text quform-inner-2_27\"><div class=\"quform-input quform-input-text quform-input-2_27 quform-cf\"><input type=\"text\" id=\"quform_2_27_f54727\" name=\"quform_2_27\" class=\"quform-field quform-field-text quform-field-2_27\" \/><\/div><\/div><\/div><\/div><\/div><div class=\"quform-element quform-element-column quform-element-2_26\"><div class=\"quform-element quform-element-email quform-element-2_8 quform-cf quform-labels-inside quform-element-required\"><div class=\"quform-spacer\"><div class=\"quform-label quform-label-2_8\"><label class=\"quform-label-text\" for=\"quform_2_8_f54727\">Email<span class=\"quform-required\">*<\/span><\/label><\/div><div class=\"quform-inner quform-inner-email quform-inner-2_8\"><div class=\"quform-input quform-input-email quform-input-2_8 quform-cf\"><input type=\"email\" id=\"quform_2_8_f54727\" name=\"quform_2_8\" class=\"quform-field quform-field-email quform-field-2_8\" \/><\/div><\/div><\/div><\/div><\/div><\/div><div class=\"quform-element quform-element-textarea quform-element-2_10 quform-cf quform-labels-inside quform-element-required\"><div class=\"quform-spacer\"><div class=\"quform-label quform-label-2_10\"><label class=\"quform-label-text\" for=\"quform_2_10_f54727\">Message<span class=\"quform-required\">*<\/span><\/label><\/div><div class=\"quform-inner quform-inner-textarea quform-inner-2_10\"><div class=\"quform-input quform-input-textarea quform-input-2_10 quform-cf\"><textarea id=\"quform_2_10_f54727\" name=\"quform_2_10\" class=\"quform-field quform-field-textarea quform-field-2_10\"><\/textarea><\/div><\/div><\/div><\/div><div class=\"quform-element quform-element-checkbox quform-element-2_11 quform-cf quform-element-required\"><div class=\"quform-spacer\"><div class=\"quform-inner quform-inner-checkbox quform-inner-2_11\"><div class=\"quform-input quform-input-checkbox quform-input-2_11 quform-cf\"><div class=\"quform-options quform-cf quform-options-block quform-options-simple\"><div class=\"quform-option\"><input type=\"checkbox\" name=\"quform_2_11[]\" id=\"quform_2_11_f54727_1\" class=\"quform-field quform-field-checkbox quform-field-2_11 quform-field-2_11_1\" value=\"He le\u00eddo y acepto la Pol\u00edtica de Privacidad.\" \/><label for=\"quform_2_11_f54727_1\" class=\"quform-option-label quform-option-label-2_11_1\"><span class=\"quform-option-text\">I have read and accept the <a rel=\"nofollow\" target=\"_blank\" href=\"\/privacy-policy\">Privacy Policy<\/a>.<\/span><\/label><\/div><\/div><\/div><\/div><\/div><\/div><div class=\"quform-element quform-element-html quform-element-2_14 quform-cf\"><div class=\"quform-spacer\">Al enviar este formulario doy mi consentimiento para el tratamiento de mis datos personales por parte de LUZ GAL\u00c9NICA S.L. de acuerdo con el Reglamento (UE) 2016\/679 de 27 de abril de 2016.<br>\n\nInformaci\u00f3n b\u00e1sica sobre protecci\u00f3n de datos.<br>Responsable\tFarmacia: CELIA LUZ RUIZ.<br>Finalidad: Gesti\u00f3n de consultas. Gesti\u00f3n de pedidos. Gesti\u00f3n de clientes. Elaboraci\u00f3n de perfiles de clientes.<br>Legitimaci\u00f3n:\tConsentimiento del interesado.<br>Destinatarios: La propia farmacia Los datos no se ceder\u00e1n a terceros salvo en los casos legalmente establecidos. No se transferir\u00e1n los datos a terceros pa\u00edses.<br>Derechos: Acceder, rectificar y suprimir los datos, as\u00ed como otros derechos como se explica en la informaci\u00f3n adicional. <br>Informaci\u00f3n adicional: Puede consultar la informaci\u00f3n adicional pinchando en <a rel=\"nofollow\" target=\"_blank\" href=\"\/politica-privacidad\">Pol\u00edtica de Privacidad<\/a>..<\/div><\/div><div class=\"quform-element quform-element-recaptcha quform-element-2_13 quform-cf quform-element-required quform-recaptcha-no-size\"><div class=\"quform-spacer\"><div class=\"quform-inner quform-inner-recaptcha quform-inner-2_13\"><div class=\"quform-input quform-input-recaptcha quform-input-2_13 quform-cf\"><div class=\"quform-recaptcha\" data-config=\"{&quot;sitekey&quot;:&quot;6LdQBYQfAAAAAG9iJo6EuN46Idu282-D26ZV_ZgO&quot;,&quot;_version&quot;:&quot;v3&quot;,&quot;size&quot;:&quot;invisible&quot;,&quot;type&quot;:&quot;image&quot;,&quot;theme&quot;:&quot;light&quot;,&quot;badge&quot;:&quot;bottomright&quot;}\"><\/div><noscript>Please enable JavaScript to submit this form.<\/noscript><\/div><\/div><\/div><\/div><div class=\"quform-element quform-element-submit quform-element-2_2 quform-cf quform-button-style-theme\"><div class=\"quform-button-submit quform-button-submit-default quform-button-submit-2_2\"><button name=\"quform_submit\" type=\"submit\" class=\"quform-submit\" value=\"submit\"><span class=\"quform-button-text quform-button-submit-text\">Send<\/span><\/button><\/div><div class=\"quform-loading quform-loading-position-left quform-loading-type-spinner-1\"><div class=\"quform-loading-inner\"><div class=\"quform-loading-spinner\"><div class=\"quform-loading-spinner-inner\"><\/div><\/div><\/div><\/div><\/div><div class=\"quform-element quform-element-html quform-element-2_29 quform-cf\"><div class=\"quform-spacer\"><span style=\"font-size: 10px;\">This form is protected by reCAPTCHA and <a href=\"https:\/\/policies.google.com\/privacy\" target=\"_blank\" rel=\"noopener\" apply >Privacy Policy<\/a> and <a href=\"https:\/\/policies.google.com\/terms\" target=\"_blank\" rel=\"noopener\">Google's Terms of Service<\/a>.<\/ span><\/div><\/div><div class=\"quform-element-tree\"><label for=\"quform_2_0_f54727\">This field should be left blank<\/label><input type=\"text\" id=\"quform_2_0_f54727\" name=\"quform_2_0\" class=\"quform-field quform-field-tree quform-field-2_0\" tabindex=\"-1\" autocomplete=\"off\" \/><\/div><\/div><\/div><\/div><\/div><\/form><\/div>[\/vc_column_text][\/vc_column][\/vc_row][vc_row full_width=&#8221;stretch_row_content_no_spaces&#8221; disable_element=&#8221;yes&#8221; remove_bottom_col_margin=&#8221;true&#8221;][vc_column][vc_gmaps link=&#8221;#E-8_JTNDaWZyYW1lJTIwc3JjJTNEJTIyaHR0cHMlM0ElMkYlMkZ3d3cuZ29vZ2xlLmNvbSUyRm1hcHMlMkZlbWJlZCUzRnBiJTNEJTIxMW0xOCUyMTFtMTIlMjExbTMlMjExZDYzMDQuODI5OTg2MTMxMjcxJTIxMmQtMTIyLjQ3NDY5NjgwMzMwOTIlMjEzZDM3LjgwMzc0NzUyMTYwNDQzJTIxMm0zJTIxMWYwJTIxMmYwJTIxM2YwJTIxM20yJTIxMWkxMDI0JTIxMmk3NjglMjE0ZjEzLjElMjEzbTMlMjExbTIlMjExczB4ODA4NTg2ZTYzMDI2MTVhMSUyNTNBMHg4NmJkMTMwMjUxNzU3YzAwJTIxMnNTdG9yZXklMkJBdmUlMjUyQyUyQlNhbiUyQkZyYW5jaXNjbyUyNTJDJTJCQ0ElMkI5NDEyOSUyMTVlMCUyMTNtMiUyMTFzZW4lMjEyc3VzJTIxNHYxNDM1ODI2NDMyMDUxJTIyJTIwd2lkdGglM0QlMjI2MDAlMjIlMjBoZWlnaHQlM0QlMjI0NTAlMjIlMjBmcmFtZWJvcmRlciUzRCUyMjAlMjIlMjBzdHlsZSUzRCUyMmJvcmRlciUzQTAlMjIlMjBhbGxvd2Z1bGxzY3JlZW4lM0QlMjIlMjIlM0UlM0MlMkZpZnJhbWUlM0U=&#8221;][\/vc_column][\/vc_row]\n","protected":false},"excerpt":{"rendered":"<p>[vc_row disable_element=&#8221;yes&#8221; css=&#8221;.vc_custom_1666178289429{padding-top: 60px !important;padding-bottom: 40px !important;}&#8221;][vc_column width=&#8221;1\/3&#8243;][vc_column_text]Street art salvia irony wolf waistcoat actually hello@yourwebsite.com[\/vc_column_text][\/vc_column][vc_column width=&#8221;1\/3&#8243;][vc_column_text]Street art salvia irony wolf waistcoat actually hello@yourwebsite.com[\/vc_column_text][\/vc_column][vc_column width=&#8221;1\/3&#8243;][vc_column_text]Street art salvia irony wolf waistcoat actually hello@yourwebsite.com[\/vc_column_text][\/vc_column][\/vc_row][vc_row][vc_column][vc_column_text][\/vc_column_text][\/vc_column][\/vc_row][vc_row full_width=&#8221;stretch_row_content_no_spaces&#8221; disable_element=&#8221;yes&#8221; remove_bottom_col_margin=&#8221;true&#8221;][vc_column][vc_gmaps link=&#8221;#E-8_JTNDaWZyYW1lJTIwc3JjJTNEJTIyaHR0cHMlM0ElMkYlMkZ3d3cuZ29vZ2xlLmNvbSUyRm1hcHMlMkZlbWJlZCUzRnBiJTNEJTIxMW0xOCUyMTFtMTIlMjExbTMlMjExZDYzMDQuODI5OTg2MTMxMjcxJTIxMmQtMTIyLjQ3NDY5NjgwMzMwOTIlMjEzZDM3LjgwMzc0NzUyMTYwNDQzJTIxMm0zJTIxMWYwJTIxMmYwJTIxM2YwJTIxM20yJTIxMWkxMDI0JTIxMmk3NjglMjE0ZjEzLjElMjEzbTMlMjExbTIlMjExczB4ODA4NTg2ZTYzMDI2MTVhMSUyNTNBMHg4NmJkMTMwMjUxNzU3YzAwJTIxMnNTdG9yZXklMkJBdmUlMjUyQyUyQlNhbiUyQkZyYW5jaXNjbyUyNTJDJTJCQ0ElMkI5NDEyOSUyMTVlMCUyMTNtMiUyMTFzZW4lMjEyc3VzJTIxNHYxNDM1ODI2NDMyMDUxJTIyJTIwd2lkdGglM0QlMjI2MDAlMjIlMjBoZWlnaHQlM0QlMjI0NTAlMjIlMjBmcmFtZWJvcmRlciUzRCUyMjAlMjIlMjBzdHlsZSUzRCUyMmJvcmRlciUzQTAlMjIlMjBhbGxvd2Z1bGxzY3JlZW4lM0QlMjIlMjIlM0UlM0MlMkZpZnJhbWUlM0U=&#8221;][\/vc_column][\/vc_row]<\/p>\n","protected":false},"author":1,"featured_media":0,"parent":0,"menu_order":0,"comment_status":"closed","ping_status":"closed","template":"","meta":[],"acf":[],"yoast_head":"<!-- This site is optimized with the Yoast SEO plugin v20.1 - https:\/\/yoast.com\/wordpress\/plugins\/seo\/ -->\n<title>Contact - LUZ BOT\u00c1NICA<\/title>\n<meta name=\"robots\" content=\"index, follow, max-snippet:-1, max-image-preview:large, max-video-preview:-1\" \/>\n<link rel=\"canonical\" href=\"https:\/\/luzbotanica.com\/en\/contact\/\" \/>\n<meta property=\"og:locale\" content=\"en_US\" \/>\n<meta property=\"og:type\" content=\"article\" \/>\n<meta property=\"og:title\" content=\"Contact - LUZ BOT\u00c1NICA\" \/>\n<meta property=\"og:description\" content=\"[vc_row disable_element=&#8221;yes&#8221; css=&#8221;.vc_custom_1666178289429{padding-top: 60px !important;padding-bottom: 40px !important;}&#8221;][vc_column width=&#8221;1\/3&#8243;][vc_column_text]Street art salvia irony wolf waistcoat actually hello@yourwebsite.com[\/vc_column_text][\/vc_column][vc_column width=&#8221;1\/3&#8243;][vc_column_text]Street art salvia irony wolf waistcoat actually hello@yourwebsite.com[\/vc_column_text][\/vc_column][vc_column width=&#8221;1\/3&#8243;][vc_column_text]Street art salvia irony wolf waistcoat actually hello@yourwebsite.com[\/vc_column_text][\/vc_column][\/vc_row][vc_row][vc_column][vc_column_text][\/vc_column_text][\/vc_column][\/vc_row][vc_row full_width=&#8221;stretch_row_content_no_spaces&#8221; disable_element=&#8221;yes&#8221; remove_bottom_col_margin=&#8221;true&#8221;][vc_column][vc_gmaps link=&#8221;#E-8_JTNDaWZyYW1lJTIwc3JjJTNEJTIyaHR0cHMlM0ElMkYlMkZ3d3cuZ29vZ2xlLmNvbSUyRm1hcHMlMkZlbWJlZCUzRnBiJTNEJTIxMW0xOCUyMTFtMTIlMjExbTMlMjExZDYzMDQuODI5OTg2MTMxMjcxJTIxMmQtMTIyLjQ3NDY5NjgwMzMwOTIlMjEzZDM3LjgwMzc0NzUyMTYwNDQzJTIxMm0zJTIxMWYwJTIxMmYwJTIxM2YwJTIxM20yJTIxMWkxMDI0JTIxMmk3NjglMjE0ZjEzLjElMjEzbTMlMjExbTIlMjExczB4ODA4NTg2ZTYzMDI2MTVhMSUyNTNBMHg4NmJkMTMwMjUxNzU3YzAwJTIxMnNTdG9yZXklMkJBdmUlMjUyQyUyQlNhbiUyQkZyYW5jaXNjbyUyNTJDJTJCQ0ElMkI5NDEyOSUyMTVlMCUyMTNtMiUyMTFzZW4lMjEyc3VzJTIxNHYxNDM1ODI2NDMyMDUxJTIyJTIwd2lkdGglM0QlMjI2MDAlMjIlMjBoZWlnaHQlM0QlMjI0NTAlMjIlMjBmcmFtZWJvcmRlciUzRCUyMjAlMjIlMjBzdHlsZSUzRCUyMmJvcmRlciUzQTAlMjIlMjBhbGxvd2Z1bGxzY3JlZW4lM0QlMjIlMjIlM0UlM0MlMkZpZnJhbWUlM0U=&#8221;][\/vc_column][\/vc_row]\" \/>\n<meta property=\"og:url\" content=\"https:\/\/luzbotanica.com\/en\/contact\/\" \/>\n<meta property=\"og:site_name\" content=\"LUZ BOT\u00c1NICA\" \/>\n<meta property=\"article:modified_time\" content=\"2022-10-25T07:51:51+00:00\" \/>\n<meta name=\"twitter:card\" content=\"summary_large_image\" \/>\n<meta name=\"twitter:label1\" content=\"Est. reading time\" \/>\n\t<meta name=\"twitter:data1\" content=\"1 minute\" \/>\n<script type=\"application\/ld+json\" class=\"yoast-schema-graph\">{\"@context\":\"https:\/\/schema.org\",\"@graph\":[{\"@type\":\"WebPage\",\"@id\":\"https:\/\/luzbotanica.com\/en\/contact\/\",\"url\":\"https:\/\/luzbotanica.com\/en\/contact\/\",\"name\":\"Contact - LUZ BOT\u00c1NICA\",\"isPartOf\":{\"@id\":\"https:\/\/luzbotanica.com\/en\/#website\"},\"datePublished\":\"2017-01-10T15:11:24+00:00\",\"dateModified\":\"2022-10-25T07:51:51+00:00\",\"breadcrumb\":{\"@id\":\"https:\/\/luzbotanica.com\/en\/contact\/#breadcrumb\"},\"inLanguage\":\"en-US\",\"potentialAction\":[{\"@type\":\"ReadAction\",\"target\":[\"https:\/\/luzbotanica.com\/en\/contact\/\"]}]},{\"@type\":\"BreadcrumbList\",\"@id\":\"https:\/\/luzbotanica.com\/en\/contact\/#breadcrumb\",\"itemListElement\":[{\"@type\":\"ListItem\",\"position\":1,\"name\":\"Portada\",\"item\":\"https:\/\/luzbotanica.com\/en\/home\/\"},{\"@type\":\"ListItem\",\"position\":2,\"name\":\"Contact\"}]},{\"@type\":\"WebSite\",\"@id\":\"https:\/\/luzbotanica.com\/en\/#website\",\"url\":\"https:\/\/luzbotanica.com\/en\/\",\"name\":\"LUZ BOT\u00c1NICA\",\"description\":\"\",\"publisher\":{\"@id\":\"https:\/\/luzbotanica.com\/en\/#organization\"},\"potentialAction\":[{\"@type\":\"SearchAction\",\"target\":{\"@type\":\"EntryPoint\",\"urlTemplate\":\"https:\/\/luzbotanica.com\/en\/?s={search_term_string}\"},\"query-input\":\"required name=search_term_string\"}],\"inLanguage\":\"en-US\"},{\"@type\":\"Organization\",\"@id\":\"https:\/\/luzbotanica.com\/en\/#organization\",\"name\":\"LUZ BOT\u00c1NICA\",\"url\":\"https:\/\/luzbotanica.com\/en\/\",\"logo\":{\"@type\":\"ImageObject\",\"inLanguage\":\"en-US\",\"@id\":\"https:\/\/luzbotanica.com\/en\/#\/schema\/logo\/image\/\",\"url\":\"https:\/\/luzbotanica.com\/wp-content\/uploads\/logo-blanco-600_logo-blanco-600-luz-botanica-50.png\",\"contentUrl\":\"https:\/\/luzbotanica.com\/wp-content\/uploads\/logo-blanco-600_logo-blanco-600-luz-botanica-50.png\",\"width\":611,\"height\":173,\"caption\":\"LUZ BOT\u00c1NICA\"},\"image\":{\"@id\":\"https:\/\/luzbotanica.com\/en\/#\/schema\/logo\/image\/\"}}]}<\/script>\n<!-- \/ Yoast SEO plugin. -->","yoast_head_json":{"title":"Contact - LUZ BOT\u00c1NICA","robots":{"index":"index","follow":"follow","max-snippet":"max-snippet:-1","max-image-preview":"max-image-preview:large","max-video-preview":"max-video-preview:-1"},"canonical":"https:\/\/luzbotanica.com\/en\/contact\/","og_locale":"en_US","og_type":"article","og_title":"Contact - LUZ BOT\u00c1NICA","og_description":"[vc_row disable_element=&#8221;yes&#8221; css=&#8221;.vc_custom_1666178289429{padding-top: 60px !important;padding-bottom: 40px !important;}&#8221;][vc_column width=&#8221;1\/3&#8243;][vc_column_text]Street art salvia irony wolf waistcoat actually hello@yourwebsite.com[\/vc_column_text][\/vc_column][vc_column width=&#8221;1\/3&#8243;][vc_column_text]Street art salvia irony wolf waistcoat actually hello@yourwebsite.com[\/vc_column_text][\/vc_column][vc_column width=&#8221;1\/3&#8243;][vc_column_text]Street art salvia irony wolf waistcoat actually hello@yourwebsite.com[\/vc_column_text][\/vc_column][\/vc_row][vc_row][vc_column][vc_column_text][\/vc_column_text][\/vc_column][\/vc_row][vc_row full_width=&#8221;stretch_row_content_no_spaces&#8221; disable_element=&#8221;yes&#8221; remove_bottom_col_margin=&#8221;true&#8221;][vc_column][vc_gmaps link=&#8221;#E-8_JTNDaWZyYW1lJTIwc3JjJTNEJTIyaHR0cHMlM0ElMkYlMkZ3d3cuZ29vZ2xlLmNvbSUyRm1hcHMlMkZlbWJlZCUzRnBiJTNEJTIxMW0xOCUyMTFtMTIlMjExbTMlMjExZDYzMDQuODI5OTg2MTMxMjcxJTIxMmQtMTIyLjQ3NDY5NjgwMzMwOTIlMjEzZDM3LjgwMzc0NzUyMTYwNDQzJTIxMm0zJTIxMWYwJTIxMmYwJTIxM2YwJTIxM20yJTIxMWkxMDI0JTIxMmk3NjglMjE0ZjEzLjElMjEzbTMlMjExbTIlMjExczB4ODA4NTg2ZTYzMDI2MTVhMSUyNTNBMHg4NmJkMTMwMjUxNzU3YzAwJTIxMnNTdG9yZXklMkJBdmUlMjUyQyUyQlNhbiUyQkZyYW5jaXNjbyUyNTJDJTJCQ0ElMkI5NDEyOSUyMTVlMCUyMTNtMiUyMTFzZW4lMjEyc3VzJTIxNHYxNDM1ODI2NDMyMDUxJTIyJTIwd2lkdGglM0QlMjI2MDAlMjIlMjBoZWlnaHQlM0QlMjI0NTAlMjIlMjBmcmFtZWJvcmRlciUzRCUyMjAlMjIlMjBzdHlsZSUzRCUyMmJvcmRlciUzQTAlMjIlMjBhbGxvd2Z1bGxzY3JlZW4lM0QlMjIlMjIlM0UlM0MlMkZpZnJhbWUlM0U=&#8221;][\/vc_column][\/vc_row]","og_url":"https:\/\/luzbotanica.com\/en\/contact\/","og_site_name":"LUZ BOT\u00c1NICA","article_modified_time":"2022-10-25T07:51:51+00:00","twitter_card":"summary_large_image","twitter_misc":{"Est. reading time":"1 minute"},"schema":{"@context":"https:\/\/schema.org","@graph":[{"@type":"WebPage","@id":"https:\/\/luzbotanica.com\/en\/contact\/","url":"https:\/\/luzbotanica.com\/en\/contact\/","name":"Contact - LUZ BOT\u00c1NICA","isPartOf":{"@id":"https:\/\/luzbotanica.com\/en\/#website"},"datePublished":"2017-01-10T15:11:24+00:00","dateModified":"2022-10-25T07:51:51+00:00","breadcrumb":{"@id":"https:\/\/luzbotanica.com\/en\/contact\/#breadcrumb"},"inLanguage":"en-US","potentialAction":[{"@type":"ReadAction","target":["https:\/\/luzbotanica.com\/en\/contact\/"]}]},{"@type":"BreadcrumbList","@id":"https:\/\/luzbotanica.com\/en\/contact\/#breadcrumb","itemListElement":[{"@type":"ListItem","position":1,"name":"Portada","item":"https:\/\/luzbotanica.com\/en\/home\/"},{"@type":"ListItem","position":2,"name":"Contact"}]},{"@type":"WebSite","@id":"https:\/\/luzbotanica.com\/en\/#website","url":"https:\/\/luzbotanica.com\/en\/","name":"LUZ BOT\u00c1NICA","description":"","publisher":{"@id":"https:\/\/luzbotanica.com\/en\/#organization"},"potentialAction":[{"@type":"SearchAction","target":{"@type":"EntryPoint","urlTemplate":"https:\/\/luzbotanica.com\/en\/?s={search_term_string}"},"query-input":"required name=search_term_string"}],"inLanguage":"en-US"},{"@type":"Organization","@id":"https:\/\/luzbotanica.com\/en\/#organization","name":"LUZ BOT\u00c1NICA","url":"https:\/\/luzbotanica.com\/en\/","logo":{"@type":"ImageObject","inLanguage":"en-US","@id":"https:\/\/luzbotanica.com\/en\/#\/schema\/logo\/image\/","url":"https:\/\/luzbotanica.com\/wp-content\/uploads\/logo-blanco-600_logo-blanco-600-luz-botanica-50.png","contentUrl":"https:\/\/luzbotanica.com\/wp-content\/uploads\/logo-blanco-600_logo-blanco-600-luz-botanica-50.png","width":611,"height":173,"caption":"LUZ BOT\u00c1NICA"},"image":{"@id":"https:\/\/luzbotanica.com\/en\/#\/schema\/logo\/image\/"}}]}},"_links":{"self":[{"href":"https:\/\/luzbotanica.com\/en\/wp-json\/wp\/v2\/pages\/4117"}],"collection":[{"href":"https:\/\/luzbotanica.com\/en\/wp-json\/wp\/v2\/pages"}],"about":[{"href":"https:\/\/luzbotanica.com\/en\/wp-json\/wp\/v2\/types\/page"}],"author":[{"embeddable":true,"href":"https:\/\/luzbotanica.com\/en\/wp-json\/wp\/v2\/users\/1"}],"replies":[{"embeddable":true,"href":"https:\/\/luzbotanica.com\/en\/wp-json\/wp\/v2\/comments?post=4117"}],"version-history":[{"count":2,"href":"https:\/\/luzbotanica.com\/en\/wp-json\/wp\/v2\/pages\/4117\/revisions"}],"predecessor-version":[{"id":4175,"href":"https:\/\/luzbotanica.com\/en\/wp-json\/wp\/v2\/pages\/4117\/revisions\/4175"}],"wp:attachment":[{"href":"https:\/\/luzbotanica.com\/en\/wp-json\/wp\/v2\/media?parent=4117"}],"curies":[{"name":"wp","href":"https:\/\/api.w.org\/{rel}","templated":true}]}}