{"id":4769,"date":"2024-02-19T14:07:46","date_gmt":"2024-02-19T13:07:46","guid":{"rendered":"https:\/\/luzbotanica.com\/?post_type=product&#038;p=4769"},"modified":"2026-01-23T14:18:26","modified_gmt":"2026-01-23T13:18:26","slug":"jabonera-ranurada","status":"publish","type":"product","link":"https:\/\/luzbotanica.com\/en\/producto\/jabonera-ranurada\/","title":{"rendered":"Jabonera ranurada LB"},"content":{"rendered":null,"protected":false},"excerpt":{"rendered":"<p>Jabonera de ba\u00f1o fabricada en corcho. Especialmente dise\u00f1ada con relieves en pendiente para escurrir el agua.<\/p>\n<p>Medidas: 105x85x20mm<\/p>\n","protected":false},"featured_media":5224,"template":"","meta":[],"product_cat":[83,104],"product_tag":[],"acf":[],"yoast_head":"<!-- This site is optimized with the Yoast SEO plugin v20.1 - https:\/\/yoast.com\/wordpress\/plugins\/seo\/ -->\n<title>Jabonera ranurada LB - LUZ BOT\u00c1NICA<\/title>\n<meta name=\"robots\" content=\"index, follow, max-snippet:-1, max-image-preview:large, max-video-preview:-1\" \/>\n<link rel=\"canonical\" href=\"https:\/\/luzbotanica.com\/en\/producto\/jabonera-ranurada\/\" \/>\n<meta property=\"og:locale\" content=\"en_US\" \/>\n<meta property=\"og:type\" content=\"article\" \/>\n<meta property=\"og:title\" content=\"Jabonera ranurada LB - LUZ BOT\u00c1NICA\" \/>\n<meta property=\"og:description\" content=\"Jabonera de ba\u00f1o fabricada en corcho. Especialmente dise\u00f1ada con relieves en pendiente para escurrir el agua.  Medidas: 105x85x20mm\" \/>\n<meta property=\"og:url\" content=\"https:\/\/luzbotanica.com\/en\/producto\/jabonera-ranurada\/\" \/>\n<meta property=\"og:site_name\" content=\"LUZ BOT\u00c1NICA\" \/>\n<meta property=\"article:modified_time\" content=\"2026-01-23T13:18:26+00:00\" \/>\n<meta property=\"og:image\" content=\"https:\/\/luzbotanica.com\/wp-content\/uploads\/7849d6e6-6208-4aa3-9c9e-2063fd4a5a00.jpg\" \/>\n\t<meta property=\"og:image:width\" content=\"1066\" \/>\n\t<meta property=\"og:image:height\" content=\"1066\" \/>\n\t<meta property=\"og:image:type\" content=\"image\/jpeg\" \/>\n<meta name=\"twitter:card\" content=\"summary_large_image\" \/>\n<script type=\"application\/ld+json\" class=\"yoast-schema-graph\">{\"@context\":\"https:\/\/schema.org\",\"@graph\":[{\"@type\":\"WebPage\",\"@id\":\"https:\/\/luzbotanica.com\/en\/producto\/jabonera-ranurada\/\",\"url\":\"https:\/\/luzbotanica.com\/en\/producto\/jabonera-ranurada\/\",\"name\":\"Jabonera ranurada LB - LUZ BOT\u00c1NICA\",\"isPartOf\":{\"@id\":\"https:\/\/luzbotanica.com\/en\/#website\"},\"datePublished\":\"2024-02-19T13:07:46+00:00\",\"dateModified\":\"2026-01-23T13:18:26+00:00\",\"breadcrumb\":{\"@id\":\"https:\/\/luzbotanica.com\/en\/producto\/jabonera-ranurada\/#breadcrumb\"},\"inLanguage\":\"en-US\",\"potentialAction\":[{\"@type\":\"ReadAction\",\"target\":[\"https:\/\/luzbotanica.com\/en\/producto\/jabonera-ranurada\/\"]}]},{\"@type\":\"BreadcrumbList\",\"@id\":\"https:\/\/luzbotanica.com\/en\/producto\/jabonera-ranurada\/#breadcrumb\",\"itemListElement\":[{\"@type\":\"ListItem\",\"position\":1,\"name\":\"Portada\",\"item\":\"https:\/\/luzbotanica.com\/en\/home\/\"},{\"@type\":\"ListItem\",\"position\":2,\"name\":\"Store\",\"item\":\"https:\/\/luzbotanica.com\/en\/shop\/\"},{\"@type\":\"ListItem\",\"position\":3,\"name\":\"Jabonera ranurada LB\"}]},{\"@type\":\"WebSite\",\"@id\":\"https:\/\/luzbotanica.com\/en\/#website\",\"url\":\"https:\/\/luzbotanica.com\/en\/\",\"name\":\"LUZ BOT\u00c1NICA\",\"description\":\"\",\"publisher\":{\"@id\":\"https:\/\/luzbotanica.com\/en\/#organization\"},\"potentialAction\":[{\"@type\":\"SearchAction\",\"target\":{\"@type\":\"EntryPoint\",\"urlTemplate\":\"https:\/\/luzbotanica.com\/en\/?s={search_term_string}\"},\"query-input\":\"required name=search_term_string\"}],\"inLanguage\":\"en-US\"},{\"@type\":\"Organization\",\"@id\":\"https:\/\/luzbotanica.com\/en\/#organization\",\"name\":\"LUZ BOT\u00c1NICA\",\"url\":\"https:\/\/luzbotanica.com\/en\/\",\"logo\":{\"@type\":\"ImageObject\",\"inLanguage\":\"en-US\",\"@id\":\"https:\/\/luzbotanica.com\/en\/#\/schema\/logo\/image\/\",\"url\":\"https:\/\/luzbotanica.com\/wp-content\/uploads\/logo-blanco-600_logo-blanco-600-luz-botanica-50.png\",\"contentUrl\":\"https:\/\/luzbotanica.com\/wp-content\/uploads\/logo-blanco-600_logo-blanco-600-luz-botanica-50.png\",\"width\":611,\"height\":173,\"caption\":\"LUZ BOT\u00c1NICA\"},\"image\":{\"@id\":\"https:\/\/luzbotanica.com\/en\/#\/schema\/logo\/image\/\"}}]}<\/script>\n<!-- \/ Yoast SEO plugin. -->","yoast_head_json":{"title":"Jabonera ranurada LB - LUZ BOT\u00c1NICA","robots":{"index":"index","follow":"follow","max-snippet":"max-snippet:-1","max-image-preview":"max-image-preview:large","max-video-preview":"max-video-preview:-1"},"canonical":"https:\/\/luzbotanica.com\/en\/producto\/jabonera-ranurada\/","og_locale":"en_US","og_type":"article","og_title":"Jabonera ranurada LB - LUZ BOT\u00c1NICA","og_description":"Jabonera de ba\u00f1o fabricada en corcho. Especialmente dise\u00f1ada con relieves en pendiente para escurrir el agua.  Medidas: 105x85x20mm","og_url":"https:\/\/luzbotanica.com\/en\/producto\/jabonera-ranurada\/","og_site_name":"LUZ BOT\u00c1NICA","article_modified_time":"2026-01-23T13:18:26+00:00","og_image":[{"width":1066,"height":1066,"url":"https:\/\/luzbotanica.com\/wp-content\/uploads\/7849d6e6-6208-4aa3-9c9e-2063fd4a5a00.jpg","type":"image\/jpeg"}],"twitter_card":"summary_large_image","schema":{"@context":"https:\/\/schema.org","@graph":[{"@type":"WebPage","@id":"https:\/\/luzbotanica.com\/en\/producto\/jabonera-ranurada\/","url":"https:\/\/luzbotanica.com\/en\/producto\/jabonera-ranurada\/","name":"Jabonera ranurada LB - LUZ BOT\u00c1NICA","isPartOf":{"@id":"https:\/\/luzbotanica.com\/en\/#website"},"datePublished":"2024-02-19T13:07:46+00:00","dateModified":"2026-01-23T13:18:26+00:00","breadcrumb":{"@id":"https:\/\/luzbotanica.com\/en\/producto\/jabonera-ranurada\/#breadcrumb"},"inLanguage":"en-US","potentialAction":[{"@type":"ReadAction","target":["https:\/\/luzbotanica.com\/en\/producto\/jabonera-ranurada\/"]}]},{"@type":"BreadcrumbList","@id":"https:\/\/luzbotanica.com\/en\/producto\/jabonera-ranurada\/#breadcrumb","itemListElement":[{"@type":"ListItem","position":1,"name":"Portada","item":"https:\/\/luzbotanica.com\/en\/home\/"},{"@type":"ListItem","position":2,"name":"Store","item":"https:\/\/luzbotanica.com\/en\/shop\/"},{"@type":"ListItem","position":3,"name":"Jabonera ranurada LB"}]},{"@type":"WebSite","@id":"https:\/\/luzbotanica.com\/en\/#website","url":"https:\/\/luzbotanica.com\/en\/","name":"LUZ BOT\u00c1NICA","description":"","publisher":{"@id":"https:\/\/luzbotanica.com\/en\/#organization"},"potentialAction":[{"@type":"SearchAction","target":{"@type":"EntryPoint","urlTemplate":"https:\/\/luzbotanica.com\/en\/?s={search_term_string}"},"query-input":"required name=search_term_string"}],"inLanguage":"en-US"},{"@type":"Organization","@id":"https:\/\/luzbotanica.com\/en\/#organization","name":"LUZ BOT\u00c1NICA","url":"https:\/\/luzbotanica.com\/en\/","logo":{"@type":"ImageObject","inLanguage":"en-US","@id":"https:\/\/luzbotanica.com\/en\/#\/schema\/logo\/image\/","url":"https:\/\/luzbotanica.com\/wp-content\/uploads\/logo-blanco-600_logo-blanco-600-luz-botanica-50.png","contentUrl":"https:\/\/luzbotanica.com\/wp-content\/uploads\/logo-blanco-600_logo-blanco-600-luz-botanica-50.png","width":611,"height":173,"caption":"LUZ BOT\u00c1NICA"},"image":{"@id":"https:\/\/luzbotanica.com\/en\/#\/schema\/logo\/image\/"}}]}},"_links":{"self":[{"href":"https:\/\/luzbotanica.com\/en\/wp-json\/wp\/v2\/product\/4769"}],"collection":[{"href":"https:\/\/luzbotanica.com\/en\/wp-json\/wp\/v2\/product"}],"about":[{"href":"https:\/\/luzbotanica.com\/en\/wp-json\/wp\/v2\/types\/product"}],"wp:featuredmedia":[{"embeddable":true,"href":"https:\/\/luzbotanica.com\/en\/wp-json\/wp\/v2\/media\/5224"}],"wp:attachment":[{"href":"https:\/\/luzbotanica.com\/en\/wp-json\/wp\/v2\/media?parent=4769"}],"wp:term":[{"taxonomy":"product_cat","embeddable":true,"href":"https:\/\/luzbotanica.com\/en\/wp-json\/wp\/v2\/product_cat?post=4769"},{"taxonomy":"product_tag","embeddable":true,"href":"https:\/\/luzbotanica.com\/en\/wp-json\/wp\/v2\/product_tag?post=4769"}],"curies":[{"name":"wp","href":"https:\/\/api.w.org\/{rel}","templated":true}]}}