{"id":5089,"date":"2024-09-10T22:21:43","date_gmt":"2024-09-10T20:21:43","guid":{"rendered":"https:\/\/luzbotanica.com\/?post_type=product&#038;p=5089"},"modified":"2026-01-22T22:25:14","modified_gmt":"2026-01-22T21:25:14","slug":"gel-champu-menta-piperita","status":"publish","type":"product","link":"https:\/\/luzbotanica.com\/en\/producto\/gel-champu-menta-piperita\/","title":{"rendered":"2 en 1 &#8211; Gel Champ\u00fa de Menta Piperita"},"content":{"rendered":null,"protected":false},"excerpt":{"rendered":"<p>Formulado con menta piperita y aloe vera.<\/p>\n<p>Los ingredientes tienen propiedades calmantes, tonificantes y refrescantes, aportando una sensaci\u00f3n de bienestar en cuerpo y cabello.<\/p>\n<p>Incluye manteca de karit\u00e9 y aceite de coco en su composici\u00f3n aportando suavidad, hidrataci\u00f3n y nutrici\u00f3n profunda a la piel y el cabello.<\/p>\n<p>Ideal para el cuidado express de toda la familia<\/p>\n","protected":false},"featured_media":5215,"template":"","meta":[],"product_cat":[80,81,104],"product_tag":[],"acf":[],"yoast_head":"<!-- This site is optimized with the Yoast SEO plugin v20.1 - https:\/\/yoast.com\/wordpress\/plugins\/seo\/ -->\n<title>2 en 1 - Gel Champ\u00fa de Menta Piperita - LUZ BOT\u00c1NICA<\/title>\n<meta name=\"robots\" content=\"index, follow, max-snippet:-1, max-image-preview:large, max-video-preview:-1\" \/>\n<link rel=\"canonical\" href=\"https:\/\/luzbotanica.com\/en\/producto\/gel-champu-menta-piperita\/\" \/>\n<meta property=\"og:locale\" content=\"en_US\" \/>\n<meta property=\"og:type\" content=\"article\" \/>\n<meta property=\"og:title\" content=\"2 en 1 - Gel Champ\u00fa de Menta Piperita - LUZ BOT\u00c1NICA\" \/>\n<meta property=\"og:description\" content=\"Formulado con menta piperita y aloe vera.  Los ingredientes tienen propiedades calmantes, tonificantes y refrescantes, aportando una sensaci\u00f3n de bienestar en cuerpo y cabello.  Incluye manteca de karit\u00e9 y aceite de coco en su composici\u00f3n aportando suavidad, hidrataci\u00f3n y nutrici\u00f3n profunda a la piel y el cabello.  Ideal para el cuidado express de toda la familia\" \/>\n<meta property=\"og:url\" content=\"https:\/\/luzbotanica.com\/en\/producto\/gel-champu-menta-piperita\/\" \/>\n<meta property=\"og:site_name\" content=\"LUZ BOT\u00c1NICA\" \/>\n<meta property=\"article:modified_time\" content=\"2026-01-22T21:25:14+00:00\" \/>\n<meta property=\"og:image\" content=\"https:\/\/luzbotanica.com\/wp-content\/uploads\/9bc95eb7-fb4f-436e-bb56-4d1ee481ae5e.jpg\" \/>\n\t<meta property=\"og:image:width\" content=\"1066\" \/>\n\t<meta property=\"og:image:height\" content=\"1066\" \/>\n\t<meta property=\"og:image:type\" content=\"image\/jpeg\" \/>\n<meta name=\"twitter:card\" content=\"summary_large_image\" \/>\n<script type=\"application\/ld+json\" class=\"yoast-schema-graph\">{\"@context\":\"https:\/\/schema.org\",\"@graph\":[{\"@type\":\"WebPage\",\"@id\":\"https:\/\/luzbotanica.com\/en\/producto\/gel-champu-menta-piperita\/\",\"url\":\"https:\/\/luzbotanica.com\/en\/producto\/gel-champu-menta-piperita\/\",\"name\":\"2 en 1 - Gel Champ\u00fa de Menta Piperita - LUZ BOT\u00c1NICA\",\"isPartOf\":{\"@id\":\"https:\/\/luzbotanica.com\/en\/#website\"},\"datePublished\":\"2024-09-10T20:21:43+00:00\",\"dateModified\":\"2026-01-22T21:25:14+00:00\",\"breadcrumb\":{\"@id\":\"https:\/\/luzbotanica.com\/en\/producto\/gel-champu-menta-piperita\/#breadcrumb\"},\"inLanguage\":\"en-US\",\"potentialAction\":[{\"@type\":\"ReadAction\",\"target\":[\"https:\/\/luzbotanica.com\/en\/producto\/gel-champu-menta-piperita\/\"]}]},{\"@type\":\"BreadcrumbList\",\"@id\":\"https:\/\/luzbotanica.com\/en\/producto\/gel-champu-menta-piperita\/#breadcrumb\",\"itemListElement\":[{\"@type\":\"ListItem\",\"position\":1,\"name\":\"Portada\",\"item\":\"https:\/\/luzbotanica.com\/en\/home\/\"},{\"@type\":\"ListItem\",\"position\":2,\"name\":\"Store\",\"item\":\"https:\/\/luzbotanica.com\/en\/shop\/\"},{\"@type\":\"ListItem\",\"position\":3,\"name\":\"2 en 1 &#8211; Gel Champ\u00fa de Menta Piperita\"}]},{\"@type\":\"WebSite\",\"@id\":\"https:\/\/luzbotanica.com\/en\/#website\",\"url\":\"https:\/\/luzbotanica.com\/en\/\",\"name\":\"LUZ BOT\u00c1NICA\",\"description\":\"\",\"publisher\":{\"@id\":\"https:\/\/luzbotanica.com\/en\/#organization\"},\"potentialAction\":[{\"@type\":\"SearchAction\",\"target\":{\"@type\":\"EntryPoint\",\"urlTemplate\":\"https:\/\/luzbotanica.com\/en\/?s={search_term_string}\"},\"query-input\":\"required name=search_term_string\"}],\"inLanguage\":\"en-US\"},{\"@type\":\"Organization\",\"@id\":\"https:\/\/luzbotanica.com\/en\/#organization\",\"name\":\"LUZ BOT\u00c1NICA\",\"url\":\"https:\/\/luzbotanica.com\/en\/\",\"logo\":{\"@type\":\"ImageObject\",\"inLanguage\":\"en-US\",\"@id\":\"https:\/\/luzbotanica.com\/en\/#\/schema\/logo\/image\/\",\"url\":\"https:\/\/luzbotanica.com\/wp-content\/uploads\/logo-blanco-600_logo-blanco-600-luz-botanica-50.png\",\"contentUrl\":\"https:\/\/luzbotanica.com\/wp-content\/uploads\/logo-blanco-600_logo-blanco-600-luz-botanica-50.png\",\"width\":611,\"height\":173,\"caption\":\"LUZ BOT\u00c1NICA\"},\"image\":{\"@id\":\"https:\/\/luzbotanica.com\/en\/#\/schema\/logo\/image\/\"}}]}<\/script>\n<!-- \/ Yoast SEO plugin. -->","yoast_head_json":{"title":"2 en 1 - Gel Champ\u00fa de Menta Piperita - LUZ BOT\u00c1NICA","robots":{"index":"index","follow":"follow","max-snippet":"max-snippet:-1","max-image-preview":"max-image-preview:large","max-video-preview":"max-video-preview:-1"},"canonical":"https:\/\/luzbotanica.com\/en\/producto\/gel-champu-menta-piperita\/","og_locale":"en_US","og_type":"article","og_title":"2 en 1 - Gel Champ\u00fa de Menta Piperita - LUZ BOT\u00c1NICA","og_description":"Formulado con menta piperita y aloe vera.  Los ingredientes tienen propiedades calmantes, tonificantes y refrescantes, aportando una sensaci\u00f3n de bienestar en cuerpo y cabello.  Incluye manteca de karit\u00e9 y aceite de coco en su composici\u00f3n aportando suavidad, hidrataci\u00f3n y nutrici\u00f3n profunda a la piel y el cabello.  Ideal para el cuidado express de toda la familia","og_url":"https:\/\/luzbotanica.com\/en\/producto\/gel-champu-menta-piperita\/","og_site_name":"LUZ BOT\u00c1NICA","article_modified_time":"2026-01-22T21:25:14+00:00","og_image":[{"width":1066,"height":1066,"url":"https:\/\/luzbotanica.com\/wp-content\/uploads\/9bc95eb7-fb4f-436e-bb56-4d1ee481ae5e.jpg","type":"image\/jpeg"}],"twitter_card":"summary_large_image","schema":{"@context":"https:\/\/schema.org","@graph":[{"@type":"WebPage","@id":"https:\/\/luzbotanica.com\/en\/producto\/gel-champu-menta-piperita\/","url":"https:\/\/luzbotanica.com\/en\/producto\/gel-champu-menta-piperita\/","name":"2 en 1 - Gel Champ\u00fa de Menta Piperita - LUZ BOT\u00c1NICA","isPartOf":{"@id":"https:\/\/luzbotanica.com\/en\/#website"},"datePublished":"2024-09-10T20:21:43+00:00","dateModified":"2026-01-22T21:25:14+00:00","breadcrumb":{"@id":"https:\/\/luzbotanica.com\/en\/producto\/gel-champu-menta-piperita\/#breadcrumb"},"inLanguage":"en-US","potentialAction":[{"@type":"ReadAction","target":["https:\/\/luzbotanica.com\/en\/producto\/gel-champu-menta-piperita\/"]}]},{"@type":"BreadcrumbList","@id":"https:\/\/luzbotanica.com\/en\/producto\/gel-champu-menta-piperita\/#breadcrumb","itemListElement":[{"@type":"ListItem","position":1,"name":"Portada","item":"https:\/\/luzbotanica.com\/en\/home\/"},{"@type":"ListItem","position":2,"name":"Store","item":"https:\/\/luzbotanica.com\/en\/shop\/"},{"@type":"ListItem","position":3,"name":"2 en 1 &#8211; Gel Champ\u00fa de Menta Piperita"}]},{"@type":"WebSite","@id":"https:\/\/luzbotanica.com\/en\/#website","url":"https:\/\/luzbotanica.com\/en\/","name":"LUZ BOT\u00c1NICA","description":"","publisher":{"@id":"https:\/\/luzbotanica.com\/en\/#organization"},"potentialAction":[{"@type":"SearchAction","target":{"@type":"EntryPoint","urlTemplate":"https:\/\/luzbotanica.com\/en\/?s={search_term_string}"},"query-input":"required name=search_term_string"}],"inLanguage":"en-US"},{"@type":"Organization","@id":"https:\/\/luzbotanica.com\/en\/#organization","name":"LUZ BOT\u00c1NICA","url":"https:\/\/luzbotanica.com\/en\/","logo":{"@type":"ImageObject","inLanguage":"en-US","@id":"https:\/\/luzbotanica.com\/en\/#\/schema\/logo\/image\/","url":"https:\/\/luzbotanica.com\/wp-content\/uploads\/logo-blanco-600_logo-blanco-600-luz-botanica-50.png","contentUrl":"https:\/\/luzbotanica.com\/wp-content\/uploads\/logo-blanco-600_logo-blanco-600-luz-botanica-50.png","width":611,"height":173,"caption":"LUZ BOT\u00c1NICA"},"image":{"@id":"https:\/\/luzbotanica.com\/en\/#\/schema\/logo\/image\/"}}]}},"_links":{"self":[{"href":"https:\/\/luzbotanica.com\/en\/wp-json\/wp\/v2\/product\/5089"}],"collection":[{"href":"https:\/\/luzbotanica.com\/en\/wp-json\/wp\/v2\/product"}],"about":[{"href":"https:\/\/luzbotanica.com\/en\/wp-json\/wp\/v2\/types\/product"}],"wp:featuredmedia":[{"embeddable":true,"href":"https:\/\/luzbotanica.com\/en\/wp-json\/wp\/v2\/media\/5215"}],"wp:attachment":[{"href":"https:\/\/luzbotanica.com\/en\/wp-json\/wp\/v2\/media?parent=5089"}],"wp:term":[{"taxonomy":"product_cat","embeddable":true,"href":"https:\/\/luzbotanica.com\/en\/wp-json\/wp\/v2\/product_cat?post=5089"},{"taxonomy":"product_tag","embeddable":true,"href":"https:\/\/luzbotanica.com\/en\/wp-json\/wp\/v2\/product_tag?post=5089"}],"curies":[{"name":"wp","href":"https:\/\/api.w.org\/{rel}","templated":true}]}}