{"id":5348,"date":"2025-01-14T12:35:10","date_gmt":"2025-01-14T11:35:10","guid":{"rendered":"https:\/\/luzbotanica.com\/?post_type=product&#038;p=5348"},"modified":"2026-01-23T14:18:09","modified_gmt":"2026-01-23T13:18:09","slug":"jabonera-redonda","status":"publish","type":"product","link":"https:\/\/luzbotanica.com\/en\/producto\/jabonera-redonda\/","title":{"rendered":"Jabonera redonda LB"},"content":{"rendered":null,"protected":false},"excerpt":{"rendered":"<p>Jabonera redonda, fabricada a base de corcho, material natural y sostenible.<\/p>\n<p>Jabonera con tapa para poder transportar y conservar correctamente tus cosm\u00e9ticos s\u00f3lidos. La base est\u00e1 especialmente dise\u00f1ada como escurridor.<\/p>\n<p>Medida interior: diametro 74 mm x altura 34 mm<\/p>\n","protected":false},"featured_media":5367,"template":"","meta":[],"product_cat":[83,104],"product_tag":[],"acf":[],"yoast_head":"<!-- This site is optimized with the Yoast SEO plugin v20.1 - https:\/\/yoast.com\/wordpress\/plugins\/seo\/ -->\n<title>Jabonera redonda LB - LUZ BOT\u00c1NICA<\/title>\n<meta name=\"robots\" content=\"index, follow, max-snippet:-1, max-image-preview:large, max-video-preview:-1\" \/>\n<link rel=\"canonical\" href=\"https:\/\/luzbotanica.com\/en\/producto\/jabonera-redonda\/\" \/>\n<meta property=\"og:locale\" content=\"en_US\" \/>\n<meta property=\"og:type\" content=\"article\" \/>\n<meta property=\"og:title\" content=\"Jabonera redonda LB - LUZ BOT\u00c1NICA\" \/>\n<meta property=\"og:description\" content=\"Jabonera redonda, fabricada a base de corcho, material natural y sostenible.  Jabonera con tapa para poder transportar y conservar correctamente tus cosm\u00e9ticos s\u00f3lidos. La base est\u00e1 especialmente dise\u00f1ada como escurridor.  Medida interior: diametro 74 mm x altura 34 mm\" \/>\n<meta property=\"og:url\" content=\"https:\/\/luzbotanica.com\/en\/producto\/jabonera-redonda\/\" \/>\n<meta property=\"og:site_name\" content=\"LUZ BOT\u00c1NICA\" \/>\n<meta property=\"article:modified_time\" content=\"2026-01-23T13:18:09+00:00\" \/>\n<meta property=\"og:image\" content=\"https:\/\/luzbotanica.com\/wp-content\/uploads\/IMG_3263_1-scaled.jpg\" \/>\n\t<meta property=\"og:image:width\" content=\"2560\" \/>\n\t<meta property=\"og:image:height\" content=\"2560\" \/>\n\t<meta property=\"og:image:type\" content=\"image\/jpeg\" \/>\n<meta name=\"twitter:card\" content=\"summary_large_image\" \/>\n<script type=\"application\/ld+json\" class=\"yoast-schema-graph\">{\"@context\":\"https:\/\/schema.org\",\"@graph\":[{\"@type\":\"WebPage\",\"@id\":\"https:\/\/luzbotanica.com\/en\/producto\/jabonera-redonda\/\",\"url\":\"https:\/\/luzbotanica.com\/en\/producto\/jabonera-redonda\/\",\"name\":\"Jabonera redonda LB - LUZ BOT\u00c1NICA\",\"isPartOf\":{\"@id\":\"https:\/\/luzbotanica.com\/en\/#website\"},\"datePublished\":\"2025-01-14T11:35:10+00:00\",\"dateModified\":\"2026-01-23T13:18:09+00:00\",\"breadcrumb\":{\"@id\":\"https:\/\/luzbotanica.com\/en\/producto\/jabonera-redonda\/#breadcrumb\"},\"inLanguage\":\"en-US\",\"potentialAction\":[{\"@type\":\"ReadAction\",\"target\":[\"https:\/\/luzbotanica.com\/en\/producto\/jabonera-redonda\/\"]}]},{\"@type\":\"BreadcrumbList\",\"@id\":\"https:\/\/luzbotanica.com\/en\/producto\/jabonera-redonda\/#breadcrumb\",\"itemListElement\":[{\"@type\":\"ListItem\",\"position\":1,\"name\":\"Portada\",\"item\":\"https:\/\/luzbotanica.com\/en\/home\/\"},{\"@type\":\"ListItem\",\"position\":2,\"name\":\"Store\",\"item\":\"https:\/\/luzbotanica.com\/en\/shop\/\"},{\"@type\":\"ListItem\",\"position\":3,\"name\":\"Jabonera redonda LB\"}]},{\"@type\":\"WebSite\",\"@id\":\"https:\/\/luzbotanica.com\/en\/#website\",\"url\":\"https:\/\/luzbotanica.com\/en\/\",\"name\":\"LUZ BOT\u00c1NICA\",\"description\":\"\",\"publisher\":{\"@id\":\"https:\/\/luzbotanica.com\/en\/#organization\"},\"potentialAction\":[{\"@type\":\"SearchAction\",\"target\":{\"@type\":\"EntryPoint\",\"urlTemplate\":\"https:\/\/luzbotanica.com\/en\/?s={search_term_string}\"},\"query-input\":\"required name=search_term_string\"}],\"inLanguage\":\"en-US\"},{\"@type\":\"Organization\",\"@id\":\"https:\/\/luzbotanica.com\/en\/#organization\",\"name\":\"LUZ BOT\u00c1NICA\",\"url\":\"https:\/\/luzbotanica.com\/en\/\",\"logo\":{\"@type\":\"ImageObject\",\"inLanguage\":\"en-US\",\"@id\":\"https:\/\/luzbotanica.com\/en\/#\/schema\/logo\/image\/\",\"url\":\"https:\/\/luzbotanica.com\/wp-content\/uploads\/logo-blanco-600_logo-blanco-600-luz-botanica-50.png\",\"contentUrl\":\"https:\/\/luzbotanica.com\/wp-content\/uploads\/logo-blanco-600_logo-blanco-600-luz-botanica-50.png\",\"width\":611,\"height\":173,\"caption\":\"LUZ BOT\u00c1NICA\"},\"image\":{\"@id\":\"https:\/\/luzbotanica.com\/en\/#\/schema\/logo\/image\/\"}}]}<\/script>\n<!-- \/ Yoast SEO plugin. -->","yoast_head_json":{"title":"Jabonera redonda LB - LUZ BOT\u00c1NICA","robots":{"index":"index","follow":"follow","max-snippet":"max-snippet:-1","max-image-preview":"max-image-preview:large","max-video-preview":"max-video-preview:-1"},"canonical":"https:\/\/luzbotanica.com\/en\/producto\/jabonera-redonda\/","og_locale":"en_US","og_type":"article","og_title":"Jabonera redonda LB - LUZ BOT\u00c1NICA","og_description":"Jabonera redonda, fabricada a base de corcho, material natural y sostenible.  Jabonera con tapa para poder transportar y conservar correctamente tus cosm\u00e9ticos s\u00f3lidos. La base est\u00e1 especialmente dise\u00f1ada como escurridor.  Medida interior: diametro 74 mm x altura 34 mm","og_url":"https:\/\/luzbotanica.com\/en\/producto\/jabonera-redonda\/","og_site_name":"LUZ BOT\u00c1NICA","article_modified_time":"2026-01-23T13:18:09+00:00","og_image":[{"width":2560,"height":2560,"url":"https:\/\/luzbotanica.com\/wp-content\/uploads\/IMG_3263_1-scaled.jpg","type":"image\/jpeg"}],"twitter_card":"summary_large_image","schema":{"@context":"https:\/\/schema.org","@graph":[{"@type":"WebPage","@id":"https:\/\/luzbotanica.com\/en\/producto\/jabonera-redonda\/","url":"https:\/\/luzbotanica.com\/en\/producto\/jabonera-redonda\/","name":"Jabonera redonda LB - LUZ BOT\u00c1NICA","isPartOf":{"@id":"https:\/\/luzbotanica.com\/en\/#website"},"datePublished":"2025-01-14T11:35:10+00:00","dateModified":"2026-01-23T13:18:09+00:00","breadcrumb":{"@id":"https:\/\/luzbotanica.com\/en\/producto\/jabonera-redonda\/#breadcrumb"},"inLanguage":"en-US","potentialAction":[{"@type":"ReadAction","target":["https:\/\/luzbotanica.com\/en\/producto\/jabonera-redonda\/"]}]},{"@type":"BreadcrumbList","@id":"https:\/\/luzbotanica.com\/en\/producto\/jabonera-redonda\/#breadcrumb","itemListElement":[{"@type":"ListItem","position":1,"name":"Portada","item":"https:\/\/luzbotanica.com\/en\/home\/"},{"@type":"ListItem","position":2,"name":"Store","item":"https:\/\/luzbotanica.com\/en\/shop\/"},{"@type":"ListItem","position":3,"name":"Jabonera redonda LB"}]},{"@type":"WebSite","@id":"https:\/\/luzbotanica.com\/en\/#website","url":"https:\/\/luzbotanica.com\/en\/","name":"LUZ BOT\u00c1NICA","description":"","publisher":{"@id":"https:\/\/luzbotanica.com\/en\/#organization"},"potentialAction":[{"@type":"SearchAction","target":{"@type":"EntryPoint","urlTemplate":"https:\/\/luzbotanica.com\/en\/?s={search_term_string}"},"query-input":"required name=search_term_string"}],"inLanguage":"en-US"},{"@type":"Organization","@id":"https:\/\/luzbotanica.com\/en\/#organization","name":"LUZ BOT\u00c1NICA","url":"https:\/\/luzbotanica.com\/en\/","logo":{"@type":"ImageObject","inLanguage":"en-US","@id":"https:\/\/luzbotanica.com\/en\/#\/schema\/logo\/image\/","url":"https:\/\/luzbotanica.com\/wp-content\/uploads\/logo-blanco-600_logo-blanco-600-luz-botanica-50.png","contentUrl":"https:\/\/luzbotanica.com\/wp-content\/uploads\/logo-blanco-600_logo-blanco-600-luz-botanica-50.png","width":611,"height":173,"caption":"LUZ BOT\u00c1NICA"},"image":{"@id":"https:\/\/luzbotanica.com\/en\/#\/schema\/logo\/image\/"}}]}},"_links":{"self":[{"href":"https:\/\/luzbotanica.com\/en\/wp-json\/wp\/v2\/product\/5348"}],"collection":[{"href":"https:\/\/luzbotanica.com\/en\/wp-json\/wp\/v2\/product"}],"about":[{"href":"https:\/\/luzbotanica.com\/en\/wp-json\/wp\/v2\/types\/product"}],"wp:featuredmedia":[{"embeddable":true,"href":"https:\/\/luzbotanica.com\/en\/wp-json\/wp\/v2\/media\/5367"}],"wp:attachment":[{"href":"https:\/\/luzbotanica.com\/en\/wp-json\/wp\/v2\/media?parent=5348"}],"wp:term":[{"taxonomy":"product_cat","embeddable":true,"href":"https:\/\/luzbotanica.com\/en\/wp-json\/wp\/v2\/product_cat?post=5348"},{"taxonomy":"product_tag","embeddable":true,"href":"https:\/\/luzbotanica.com\/en\/wp-json\/wp\/v2\/product_tag?post=5348"}],"curies":[{"name":"wp","href":"https:\/\/api.w.org\/{rel}","templated":true}]}}