{"id":5439,"date":"2026-01-22T16:12:13","date_gmt":"2026-01-22T15:12:13","guid":{"rendered":"https:\/\/luzbotanica.com\/?post_type=product&#038;p=5439"},"modified":"2026-01-22T22:48:00","modified_gmt":"2026-01-22T21:48:00","slug":"nocturno-perfume","status":"publish","type":"product","link":"https:\/\/luzbotanica.com\/en\/producto\/nocturno-perfume\/","title":{"rendered":"NOCTURNO. Perfume"},"content":{"rendered":null,"protected":false},"excerpt":{"rendered":"<p>Agua de Perfume serena y c\u00e1lida.<\/p>\n<p>Delicioso perfume con aroma a \u00e1mbar amaderado para hombres y mujeres.<\/p>\n<p>Formulado con notas de azafr\u00e1n y bergamota, con una base de madera de oud y rosa de Bulgaria (rosa damascena de Bulgaria). Adem\u00e1s contiene notas arom\u00e1ticas de haba de Tonka, ca\u00f1a de az\u00facar, \u00e1mbar, almizcle blanco y musgo de roble.<\/p>\n<p>Envase de vidrio de 100ml, con difusor en formato desenroscable para facilitar su recarga.<\/p>\n<p>F\u00e1cil de usar y\u00a0 transportar<\/p>\n","protected":false},"featured_media":5450,"template":"","meta":[],"product_cat":[83,104,88],"product_tag":[],"acf":[],"yoast_head":"<!-- This site is optimized with the Yoast SEO plugin v20.1 - https:\/\/yoast.com\/wordpress\/plugins\/seo\/ -->\n<title>NOCTURNO. Perfume - LUZ BOT\u00c1NICA<\/title>\n<meta name=\"robots\" content=\"index, follow, max-snippet:-1, max-image-preview:large, max-video-preview:-1\" \/>\n<link rel=\"canonical\" href=\"https:\/\/luzbotanica.com\/en\/producto\/nocturno-perfume\/\" \/>\n<meta property=\"og:locale\" content=\"en_US\" \/>\n<meta property=\"og:type\" content=\"article\" \/>\n<meta property=\"og:title\" content=\"NOCTURNO. Perfume - LUZ BOT\u00c1NICA\" \/>\n<meta property=\"og:description\" content=\"Agua de Perfume serena y c\u00e1lida.  Delicioso perfume con aroma a \u00e1mbar amaderado para hombres y mujeres.  Formulado con notas de azafr\u00e1n y bergamota, con una base de madera de oud y rosa de Bulgaria (rosa damascena de Bulgaria). Adem\u00e1s contiene notas arom\u00e1ticas de haba de Tonka, ca\u00f1a de az\u00facar, \u00e1mbar, almizcle blanco y musgo de roble.  Envase de vidrio de 100ml, con difusor en formato desenroscable para facilitar su recarga.  F\u00e1cil de usar y\u00a0 transportar\" \/>\n<meta property=\"og:url\" content=\"https:\/\/luzbotanica.com\/en\/producto\/nocturno-perfume\/\" \/>\n<meta property=\"og:site_name\" content=\"LUZ BOT\u00c1NICA\" \/>\n<meta property=\"article:modified_time\" content=\"2026-01-22T21:48:00+00:00\" \/>\n<meta property=\"og:image\" content=\"https:\/\/luzbotanica.com\/wp-content\/uploads\/IMG_4224.jpg\" \/>\n\t<meta property=\"og:image:width\" content=\"1066\" \/>\n\t<meta property=\"og:image:height\" content=\"1066\" \/>\n\t<meta property=\"og:image:type\" content=\"image\/jpeg\" \/>\n<meta name=\"twitter:card\" content=\"summary_large_image\" \/>\n<script type=\"application\/ld+json\" class=\"yoast-schema-graph\">{\"@context\":\"https:\/\/schema.org\",\"@graph\":[{\"@type\":\"WebPage\",\"@id\":\"https:\/\/luzbotanica.com\/en\/producto\/nocturno-perfume\/\",\"url\":\"https:\/\/luzbotanica.com\/en\/producto\/nocturno-perfume\/\",\"name\":\"NOCTURNO. Perfume - LUZ BOT\u00c1NICA\",\"isPartOf\":{\"@id\":\"https:\/\/luzbotanica.com\/en\/#website\"},\"datePublished\":\"2026-01-22T15:12:13+00:00\",\"dateModified\":\"2026-01-22T21:48:00+00:00\",\"breadcrumb\":{\"@id\":\"https:\/\/luzbotanica.com\/en\/producto\/nocturno-perfume\/#breadcrumb\"},\"inLanguage\":\"en-US\",\"potentialAction\":[{\"@type\":\"ReadAction\",\"target\":[\"https:\/\/luzbotanica.com\/en\/producto\/nocturno-perfume\/\"]}]},{\"@type\":\"BreadcrumbList\",\"@id\":\"https:\/\/luzbotanica.com\/en\/producto\/nocturno-perfume\/#breadcrumb\",\"itemListElement\":[{\"@type\":\"ListItem\",\"position\":1,\"name\":\"Portada\",\"item\":\"https:\/\/luzbotanica.com\/en\/home\/\"},{\"@type\":\"ListItem\",\"position\":2,\"name\":\"Store\",\"item\":\"https:\/\/luzbotanica.com\/en\/shop\/\"},{\"@type\":\"ListItem\",\"position\":3,\"name\":\"NOCTURNO. Perfume\"}]},{\"@type\":\"WebSite\",\"@id\":\"https:\/\/luzbotanica.com\/en\/#website\",\"url\":\"https:\/\/luzbotanica.com\/en\/\",\"name\":\"LUZ BOT\u00c1NICA\",\"description\":\"\",\"publisher\":{\"@id\":\"https:\/\/luzbotanica.com\/en\/#organization\"},\"potentialAction\":[{\"@type\":\"SearchAction\",\"target\":{\"@type\":\"EntryPoint\",\"urlTemplate\":\"https:\/\/luzbotanica.com\/en\/?s={search_term_string}\"},\"query-input\":\"required name=search_term_string\"}],\"inLanguage\":\"en-US\"},{\"@type\":\"Organization\",\"@id\":\"https:\/\/luzbotanica.com\/en\/#organization\",\"name\":\"LUZ BOT\u00c1NICA\",\"url\":\"https:\/\/luzbotanica.com\/en\/\",\"logo\":{\"@type\":\"ImageObject\",\"inLanguage\":\"en-US\",\"@id\":\"https:\/\/luzbotanica.com\/en\/#\/schema\/logo\/image\/\",\"url\":\"https:\/\/luzbotanica.com\/wp-content\/uploads\/logo-blanco-600_logo-blanco-600-luz-botanica-50.png\",\"contentUrl\":\"https:\/\/luzbotanica.com\/wp-content\/uploads\/logo-blanco-600_logo-blanco-600-luz-botanica-50.png\",\"width\":611,\"height\":173,\"caption\":\"LUZ BOT\u00c1NICA\"},\"image\":{\"@id\":\"https:\/\/luzbotanica.com\/en\/#\/schema\/logo\/image\/\"}}]}<\/script>\n<!-- \/ Yoast SEO plugin. -->","yoast_head_json":{"title":"NOCTURNO. Perfume - LUZ BOT\u00c1NICA","robots":{"index":"index","follow":"follow","max-snippet":"max-snippet:-1","max-image-preview":"max-image-preview:large","max-video-preview":"max-video-preview:-1"},"canonical":"https:\/\/luzbotanica.com\/en\/producto\/nocturno-perfume\/","og_locale":"en_US","og_type":"article","og_title":"NOCTURNO. Perfume - LUZ BOT\u00c1NICA","og_description":"Agua de Perfume serena y c\u00e1lida.  Delicioso perfume con aroma a \u00e1mbar amaderado para hombres y mujeres.  Formulado con notas de azafr\u00e1n y bergamota, con una base de madera de oud y rosa de Bulgaria (rosa damascena de Bulgaria). Adem\u00e1s contiene notas arom\u00e1ticas de haba de Tonka, ca\u00f1a de az\u00facar, \u00e1mbar, almizcle blanco y musgo de roble.  Envase de vidrio de 100ml, con difusor en formato desenroscable para facilitar su recarga.  F\u00e1cil de usar y\u00a0 transportar","og_url":"https:\/\/luzbotanica.com\/en\/producto\/nocturno-perfume\/","og_site_name":"LUZ BOT\u00c1NICA","article_modified_time":"2026-01-22T21:48:00+00:00","og_image":[{"width":1066,"height":1066,"url":"https:\/\/luzbotanica.com\/wp-content\/uploads\/IMG_4224.jpg","type":"image\/jpeg"}],"twitter_card":"summary_large_image","schema":{"@context":"https:\/\/schema.org","@graph":[{"@type":"WebPage","@id":"https:\/\/luzbotanica.com\/en\/producto\/nocturno-perfume\/","url":"https:\/\/luzbotanica.com\/en\/producto\/nocturno-perfume\/","name":"NOCTURNO. Perfume - LUZ BOT\u00c1NICA","isPartOf":{"@id":"https:\/\/luzbotanica.com\/en\/#website"},"datePublished":"2026-01-22T15:12:13+00:00","dateModified":"2026-01-22T21:48:00+00:00","breadcrumb":{"@id":"https:\/\/luzbotanica.com\/en\/producto\/nocturno-perfume\/#breadcrumb"},"inLanguage":"en-US","potentialAction":[{"@type":"ReadAction","target":["https:\/\/luzbotanica.com\/en\/producto\/nocturno-perfume\/"]}]},{"@type":"BreadcrumbList","@id":"https:\/\/luzbotanica.com\/en\/producto\/nocturno-perfume\/#breadcrumb","itemListElement":[{"@type":"ListItem","position":1,"name":"Portada","item":"https:\/\/luzbotanica.com\/en\/home\/"},{"@type":"ListItem","position":2,"name":"Store","item":"https:\/\/luzbotanica.com\/en\/shop\/"},{"@type":"ListItem","position":3,"name":"NOCTURNO. Perfume"}]},{"@type":"WebSite","@id":"https:\/\/luzbotanica.com\/en\/#website","url":"https:\/\/luzbotanica.com\/en\/","name":"LUZ BOT\u00c1NICA","description":"","publisher":{"@id":"https:\/\/luzbotanica.com\/en\/#organization"},"potentialAction":[{"@type":"SearchAction","target":{"@type":"EntryPoint","urlTemplate":"https:\/\/luzbotanica.com\/en\/?s={search_term_string}"},"query-input":"required name=search_term_string"}],"inLanguage":"en-US"},{"@type":"Organization","@id":"https:\/\/luzbotanica.com\/en\/#organization","name":"LUZ BOT\u00c1NICA","url":"https:\/\/luzbotanica.com\/en\/","logo":{"@type":"ImageObject","inLanguage":"en-US","@id":"https:\/\/luzbotanica.com\/en\/#\/schema\/logo\/image\/","url":"https:\/\/luzbotanica.com\/wp-content\/uploads\/logo-blanco-600_logo-blanco-600-luz-botanica-50.png","contentUrl":"https:\/\/luzbotanica.com\/wp-content\/uploads\/logo-blanco-600_logo-blanco-600-luz-botanica-50.png","width":611,"height":173,"caption":"LUZ BOT\u00c1NICA"},"image":{"@id":"https:\/\/luzbotanica.com\/en\/#\/schema\/logo\/image\/"}}]}},"_links":{"self":[{"href":"https:\/\/luzbotanica.com\/en\/wp-json\/wp\/v2\/product\/5439"}],"collection":[{"href":"https:\/\/luzbotanica.com\/en\/wp-json\/wp\/v2\/product"}],"about":[{"href":"https:\/\/luzbotanica.com\/en\/wp-json\/wp\/v2\/types\/product"}],"wp:featuredmedia":[{"embeddable":true,"href":"https:\/\/luzbotanica.com\/en\/wp-json\/wp\/v2\/media\/5450"}],"wp:attachment":[{"href":"https:\/\/luzbotanica.com\/en\/wp-json\/wp\/v2\/media?parent=5439"}],"wp:term":[{"taxonomy":"product_cat","embeddable":true,"href":"https:\/\/luzbotanica.com\/en\/wp-json\/wp\/v2\/product_cat?post=5439"},{"taxonomy":"product_tag","embeddable":true,"href":"https:\/\/luzbotanica.com\/en\/wp-json\/wp\/v2\/product_tag?post=5439"}],"curies":[{"name":"wp","href":"https:\/\/api.w.org\/{rel}","templated":true}]}}